{"id":6,"date":"2021-09-09T20:16:24","date_gmt":"2021-09-09T20:16:24","guid":{"rendered":"https:\/\/quiroadvanced.cl\/index.php\/highlight-pro\/"},"modified":"2021-10-25T02:25:29","modified_gmt":"2021-10-25T02:25:29","slug":"highlight-pro","status":"publish","type":"page","link":"https:\/\/quiroadvanced.cl\/","title":{"rendered":"Front Page"},"content":{"rendered":"<div  data-label=\"Nosotros\" data-id=\"overlappable--1\" data-export-id=\"overlappable-3\" data-category=\"overlappable\" class=\"overlappable-3 content-section content-section-spacing glass_water\" data-overlap=\"true\" id=\"nosotros\" data-section-ov=\"1\"><div  class=\"gridContainer\"> <div  class=\"row bg-color-white shadow-medium\"><div  class=\"col-xs-12 col-sm-6 image-col first-image-col\" data-bg=\"image\" style=\"background-image: url(&quot;https:\/\/quiroadvanced.cl\/wp-content\/uploads\/2021\/09\/cropped-XE7A0112-scaled-2.jpg&quot;);\"><\/div> <div  class=\"col-xs-12 col-sm-6 content-col col-padding col-padding-xs\"> <div  class=\"col-padding\" data-type=\"column\"> <h3  class=\"\"><span  style=\"font-family: Montserrat, arial, helvetica, sans-serif; font-weight: 600; color: rgb(2, 94, 149);\">QuiroAdvanced<\/span><\/h3> <p  class=\"lead\"><span  style=\"font-family: Montserrat, arial, helvetica, sans-serif; color: rgb(2, 94, 149); font-weight: 400;\">Centro quiropr\u00e1ctico dedicado a la salud y bienestar del paciente, a trav\u00e9s del cuidado de la columna vertebral.<\/span><\/p><p  class=\"\" style=\"text-align: left;\"><span  style=\"font-weight: 400;\"><span  style=\"font-family: Montserrat, arial, helvetica, sans-serif; color: rgb(60, 66, 79);\">La salud depende mucho del estado en la que se encuentre&nbsp;la columna vertebral, ya que es la encargada de dar sustento y protecci\u00f3n a nuestro cuerpo. En QuiroAdvanced encontrar\u00e1s un espacio para mantenerla en \u00f3ptimo funcionamiento y libre de disfunciones.  Dejamos a todos invitados a venir y disfrutar de todos los beneficios que la quiropr\u00e1ctica tiene para ofrecer.&nbsp;<\/span><\/span><\/p> <\/div> <\/div><\/div> <div  class=\"row bg-color-white shadow-medium\"><div  class=\"col-xs-12 col-sm-6 content-col col-padding col-padding-xs\"> <div  class=\"col-padding\" data-type=\"column\"> <h3  class=\"\"><span  style=\"font-family: Montserrat, arial, helvetica, sans-serif; font-weight: 600; color: rgb(2, 94, 149);\">Juan Pablo S\u00e1nchez (MA)<\/span><\/h3><p  class=\"lead\"><span  style=\"font-family: Montserrat, arial, helvetica, sans-serif; font-weight: 400; color: rgb(2, 94, 149);\">Quiropr\u00e1ctico graduado tras 5 a\u00f1os de estudios en Madrid College of Chiropractic, Espa\u00f1a.<\/span><\/p><p  class=\"\" style=\"text-align: left;\"><span  style=\"font-family: Montserrat, arial, helvetica, sans-serif; font-weight: 400; color: rgb(60, 66, 79);\">Especialista en columna vertebral, sistema nervioso y en el tratamiento\/prevenci\u00f3n de trastornos neuromusculoesquel\u00e9ticos; con formaci\u00f3n en quiropr\u00e1ctica deportiva, pedi\u00e1trica y geri\u00e1trica.<br >Mediante los m\u00e9todos quiropr\u00e1cticos m\u00e1s sofisticados y avanzados, detallados a continuaci\u00f3n, Juan Pablo es un profesional capacitado para atender pacientes de cualquier \u00edndole. Tras haber conocido multiples quiropr\u00e1cticos y diversos m\u00e9todos en Europa, Juan Pablo pone en pr\u00e1ctica su estilo de tratamiento en QuiroAdvanced.<\/span><\/p><p  class=\"\"><span  style=\"font-family: Montserrat, arial, helvetica, sans-serif; font-weight: 400; color: rgb(60, 66, 79);\"><span  style=\"font-weight: 600; color: rgb(2, 94, 149);\">Tecnicas utilizadas: <\/span>Activator Method, Sacro-occipital technique (SOT), Gonstead, Neuro-emotional technique (NET), Reflexiokinesia (basado en Applied Kinesiology y neurolog\u00eda funcional), Total Body Modification (TBM), Neural Organization Technique (NOT), Bioenergetic Synchronization Technique (BEST), Afferent Input Method.<\/span><\/p> <\/div> <\/div> <div  class=\"col-xs-12 col-sm-6 image-col second-image-col first-xs last-sm\" data-bg=\"image\" style=\"background-image: url(&quot;https:\/\/quiroadvanced.cl\/wp-content\/uploads\/2021\/09\/cropped-XE7A0106-scaled-3.jpg&quot;);\"><\/div> <\/div><\/div> <\/div><div  data-label=\"Quiropr\u00e1ctico\" data-id=\"about--1\" data-export-id=\"about-text-image\" data-category=\"about\" class=\"about-text-image content-section content-section-spacing\" id=\"quiropractico-1\" style=\"background-color: rgb(255, 255, 255); background-image: none;\"><div  class=\"gridContainer\"> <div  class=\"row\"><div  class=\"col-sm-6 col-padding-small-xs col-sm-padding-large bg-color5 white-text content-col\" data-type=\"column\">  <h2  class=\"\">\u00bfQu\u00e9 hace un quiropr\u00e1ctico?<\/h2> <p  class=\"\">El quiropr\u00e1ctico es un profesional de la salud especialista en columna vertebral y sistema nervioso. La labor de un quiropr\u00e1ctico es la de evaluar, diagnosticar y tratar las disfunciones m\u00fasculo-esquel\u00e9ticas, as\u00ed como tambi\u00e9n ver de que manera se puede apoyar al organismo para brindarle m\u00e1s recursos. La herramienta correctiva del quiropr\u00e1ctico es el ajuste articular, el cual es un movimiento de alta velocidad y baja amplitud que permite corregir la disfunci\u00f3n neurol\u00f3gica y de movilidad de una articulaci\u00f3n.<\/p><\/div> <div  class=\"col-sm-6 flexbox-strech center-xs middle-xs no-gutter-col\"><div  class=\"shadow-large overlap-left-large flexbox middle-xs center-xs right-img\" data-bg=\"image\" style=\"background-image: url(&quot;https:\/\/quiroadvanced.cl\/wp-content\/uploads\/2021\/09\/cropped-XE7A0300-scaled-3.jpg&quot;);\"><\/div><\/div> <\/div><\/div> <\/div><div  data-label=\"Beneficios\" data-id=\"features--2\" data-export-id=\"features-13\" data-category=\"features\" class=\"features-13 content-section content-section-spacing glass_water\" id=\"beneficios\"><div  class=\"gridContainer\"> <div  class=\"row text-center\"><div  class=\"section-title-col\" data-type=\"column\"> <h2  class=\"\"><span  style=\"font-family: Montserrat, arial, helvetica, sans-serif; font-weight: 600; color: rgb(2, 94, 149);\">Beneficios<\/span><\/h2> <p  class=\"lead\"><span  style=\"font-family: Montserrat, arial, helvetica, sans-serif; color: rgba(60, 66, 79, 0);\">______<\/span><span  id=\"_mce_caret\" data-mce-bogus=\"1\" data-mce-type=\"format-caret\"><span  style=\"color: rgba(60, 66, 79, 0); font-family: Montserrat, arial, helvetica, sans-serif;\">\ufeff<\/span><\/span><\/p><\/div> <\/div> <div  class=\"row spaced-cols center-sm\" data-type=\"row\">     <div  class=\"col col-sm-6 space-bottom col-md-4\"> <i  class=\"fa icon fa-ellipsis-v bordered round big color1\"><\/i> <h4  class=\"\"><span  style=\"font-family: Montserrat, arial, helvetica, sans-serif; font-weight: 400; color: rgb(2, 94, 149);\">MEJORA LA POSTURA<\/span><\/h4>  <\/div><div  class=\"col col-sm-6 space-bottom col-md-4\"> <i  class=\"fa icon fa-child bordered round big color1\"><\/i> <h4  class=\"\"><span  style=\"font-family: Montserrat, arial, helvetica, sans-serif; font-weight: 400; color: rgb(2, 94, 149);\">REDUCE DOLORES ARTICULARES<\/span><\/h4>  <\/div><div  class=\"col col-sm-6 space-bottom col-md-4\"> <i  class=\"fa icon fa-bed bordered round big color1\"><\/i> <h4  class=\"\"><span  style=\"font-family: Montserrat, arial, helvetica, sans-serif; color: rgb(2, 94, 149);\">MEJORA LA CALIDAD DEL SUE\u00d1O<\/span><\/h4>  <\/div><div  class=\"col col-sm-6 space-bottom col-md-4\"> <i  class=\"fa icon fa-thumbs-up bordered round big color1\"><\/i> <h4  class=\"\"><span  style=\"font-family: Montserrat, arial, helvetica, sans-serif; color: rgb(2, 94, 149);\">PREVIENE LA DEGENERACI\u00d3N \u00d3SEA<\/span><\/h4>  <\/div><div  class=\"col col-sm-6 space-bottom col-md-4\"> <i  class=\"fa icon fa-unlink bordered round big color1\"><\/i> <h4  class=\"\"><span  style=\"font-family: Montserrat, arial, helvetica, sans-serif; color: rgb(2, 94, 149);\">PREVIENE LESIONES<\/span><\/h4>  <\/div><div  class=\"col col-sm-6 space-bottom col-md-4\"> <i  class=\"fa icon fa-universal-access bordered round big color1\"><\/i> <h4  class=\"\"><span  style=\"font-family: Montserrat, arial, helvetica, sans-serif; color: rgb(2, 94, 149);\">POTENCIA TU SISTEMA INMUNE<\/span><\/h4>  <\/div><\/div><\/div> <\/div><div  data-label=\"Preguntas frecuentes\" data-id=\"features--1\" data-export-id=\"features-12\" data-category=\"features\" class=\"features-12 content-section content-section-spacing \" id=\"preguntas-frecuentes\" style=\"background-color: rgb(255, 255, 255);\"><div  class=\"gridContainer\"> <div  class=\"row text-center\"><div  class=\"section-title-col\" data-type=\"column\">  <h2  class=\"\"><span  style=\"font-family: Montserrat, arial, helvetica, sans-serif; font-weight: 600; color: rgb(2, 94, 149);\">Preguntas frecuentes<\/span><\/h2><p  class=\"lead\"><span  style=\"color: rgba(60, 66, 79, 0);\">_________<\/span><\/p><\/div> <\/div> <div  class=\"row spaced-cols\" data-type=\"row\"> <div  class=\"col-sm-6\"> <div  class=\"row space-bottom\"> <div  class=\"col-sm-fit icon-column\"> <i  class=\"fa icon fa-question bordered round color1\"><\/i> <\/div> <div  class=\"col-sm\" data-type=\"column\"> <h5  class=\"color2\"><span  style=\"font-family: Montserrat, arial, helvetica, sans-serif; color: rgb(2, 94, 149); font-weight: 600;\">\u00bfCu\u00e1ndo acudir al quiropr\u00e1ctico?<\/span><\/h5> <p  class=\"\" style=\"text-align: left;\"><span  style=\"color: rgb(60, 66, 79); font-family: Montserrat, arial, helvetica, sans-serif; font-weight: 400;\">Ya sea que est\u00e9s pasando por problemas de salud en general, alguna lesi\u00f3n espec\u00edfica, o simplemente para garantizar que tu cuerpo se encuentra trabajando \u00f3ptimamente, un cuidado quiropr\u00e1ctico est\u00e1 recomendado. La salud es lo m\u00e1s importante que tienes, cu\u00eddala.<\/span><\/p><\/div> <\/div><\/div>    <div  class=\"col-sm-6\"> <div  class=\"row space-bottom\"> <div  class=\"col-sm-fit icon-column\"> <i  class=\"fa icon fa-question bordered round color1\"><\/i> <\/div> <div  class=\"col-sm\" data-type=\"column\"> <h5  class=\"color2\"><span  style=\"font-family: Montserrat, arial, helvetica, sans-serif; color: rgb(2, 94, 149); font-weight: 600;\">\u00bfQui\u00e9n puede atenderse con un quiropr\u00e1ctico?<\/span><\/h5> <p  class=\"\" style=\"text-align: left;\"><span  style=\"color: rgb(60, 66, 79); font-family: Montserrat, arial, helvetica, sans-serif; font-weight: 400;\">Tanto ni\u00f1os, adultos, embarazadas, deportistas o gente de la tercera edad. Cualquier persona puede beneficiarse de un cuidado quiropr\u00e1ctico.<\/span><\/p><\/div> <\/div><\/div><div  class=\"col-sm-6\"> <div  class=\"row space-bottom\"> <div  class=\"col-sm-fit icon-column\"> <i  class=\"fa icon fa-question bordered round color1\"><\/i> <\/div> <div  class=\"col-sm\" data-type=\"column\"> <h5  class=\"color2\"><span  style=\"font-family: Montserrat, arial, helvetica, sans-serif; color: rgb(2, 94, 149); font-weight: 600;\">\u00bfEn que consiste una primera visita?<\/span><\/h5> <p  class=\"\" style=\"text-align: left;\"><span  style=\"color: rgb(60, 66, 79); font-family: Montserrat, arial, helvetica, sans-serif; font-weight: 400;\">Se elaborar\u00e1 el perfil del paciente, pidi\u00e9ndole datos generales sobre su estilo de vida y condiciones existentes. Luego se procede a hacer una evaluaci\u00f3n funcional del cuerpo, para finalmente empezar con el tratamiento.<\/span><\/p><\/div> <\/div><\/div><div  class=\"col-sm-6\"> <div  class=\"row space-bottom\"> <div  class=\"col-sm-fit icon-column\"> <i  class=\"fa icon fa-question bordered round color1\"><\/i> <\/div> <div  class=\"col-sm\" data-type=\"column\"> <h5  class=\"color2\"><span  style=\"font-family: Montserrat, arial, helvetica, sans-serif; color: rgb(2, 94, 149); font-weight: 600;\">\u00bfCu\u00e1nto dura una sesi\u00f3n?<\/span><\/h5> <p  class=\"\" style=\"text-align: left;\"><span  style=\"color: rgb(60, 66, 79); font-family: Montserrat, arial, helvetica, sans-serif; font-weight: 400;\">Una primera visita suele ser mas larga debido a la evaluci\u00f3n que se hace&nbsp;al paciente (tendiendo a durar 1 hora aproximadamente). El resto de sesiones de ajuste tienden a durar 30-45 minutos.<\/span><\/p><\/div> <\/div><\/div><div  class=\"col-sm-6\"> <div  class=\"row space-bottom\"> <div  class=\"col-sm-fit icon-column\"> <i  class=\"fa icon fa-question bordered round color1\"><\/i> <\/div> <div  class=\"col-sm\" data-type=\"column\"> <h5  class=\"color2\"><span  style=\"font-family: Montserrat, arial, helvetica, sans-serif; color: rgb(2, 94, 149); font-weight: 600;\">\u00bfEs doloroso el tratamiento?<\/span><\/h5> <p  class=\"\" style=\"text-align: left;\"><span  style=\"color: rgb(60, 66, 79); font-family: Montserrat, arial, helvetica, sans-serif; font-weight: 400;\">Los ajustes y correcciones quiropr\u00e1cticas son suaves y precisos, por lo que no es doloroso.<\/span><\/p><\/div> <\/div><\/div><div  class=\"col-sm-6\"> <div  class=\"row space-bottom\"> <div  class=\"col-sm-fit icon-column\"> <i  class=\"fa icon fa-question bordered round color1\"><\/i> <\/div> <div  class=\"col-sm\" data-type=\"column\"> <h5  class=\"color2\"><span  style=\"font-family: Montserrat, arial, helvetica, sans-serif; color: rgb(2, 94, 149); font-weight: 600;\">\u00bfA cu\u00e1ntas sesiones necesito acudir para notar mejor\u00edas?<\/span><\/h5> <p  class=\"\" style=\"text-align: left;\"><span  style=\"color: rgb(60, 66, 79); font-family: Montserrat, arial, helvetica, sans-serif; font-weight: 400;\">En caso de nunca haberse atendido con anterioridad, el promedio de la gente tiende a necesitar entre 4-6 sesiones en un periodo de 1 mes aproximadamente para poder trabajar de manera completa y profunda el cuerpo para una recuperaci\u00f3n \u00f3ptima. A esto se le llama la <span style=\"font-style: italic;\" >fase aguda<\/span> del cuidado. Una vez acabada la <span style=\"font-style: italic;\" >fase aguda<\/span> el quiropr\u00e1ctico se encargar\u00e1 de recomendar fechas de atenci\u00f3n, para mantener los avances del proceso.<\/span><\/p><\/div> <\/div><\/div><\/div><\/div> <\/div><div  data-label=\"Contacto\" data-id=\"contact--1\" data-export-id=\"contact-6\" data-category=\"contact\" class=\"contact-5 content-section content-section-spacing glass_water\" id=\"contacto\"><div  class=\"gridContainer\"> <div  class=\"row text-center\"><div  class=\"section-title-col\" data-type=\"column\">  <h2  class=\"\"><span  style=\"font-family: Montserrat, arial, helvetica, sans-serif; font-weight: 600; color: rgb(2, 94, 149);\">Cont\u00e1ctanos<\/span><\/h2><p  class=\"lead\"><span  style=\"color: rgba(60, 66, 79, 0);\">______<\/span><\/p><\/div> <\/div> <div  class=\"row middle-sm\"> <div  class=\"col-xs-12 col-sm-6 image-holder space-bottom-xs\"> <div  data-content-shortcode=\"mesmerize_maps zoom=&quot;80&quot; address=&quot;avenida kennedy lateral 7440&quot;\" data-editable=\"true\" class=\"shadow-medium\">        <div class=\"mesmerize-google-maps\" style=\"width:100%\">\n            <iframe style=\"width:100%; height:100%;min-height:inherit;display:block;\" src=\"https:\/\/www.google.com\/maps\/embed\/v1\/place?key=AIzaSyD_y5ulmdRxM9WzRPtt80GnUd2aNvsK8FA&#038;q=avenida%20kennedy%20lateral%207440&#038;zoom=17\"><\/iframe>\n        <\/div>\n    <\/div><\/div> <div  class=\"col-xs-12 col-sm-6\"><div  class=\"row middle-sm\"> <div  data-type=\"column\" class=\"col-xs-12 space-bottom-small\"><\/div> <\/div> <div  class=\"row middle-sm\" data-type=\"row\"> <div  class=\"col-xs-12 space-bottom-small\"> <div  class=\"row\"> <div  data-type=\"column\" class=\"col-xs-12 col-sm-fit label-col\"> <h5  class=\"\">Direcci\u00f3n:<\/h5><\/div> <div  data-type=\"column\" class=\"col-xs-12 col-sm\"><p  class=\"\">Avenida Presidente Kennedy Lateral #7440 Of.725 \n<br >Vitacura, Santiago de Chile.<\/p><\/div> <\/div><\/div> <div  class=\"col-xs-12 space-bottom-small\"><div  class=\"row\"> <div  data-type=\"column\" class=\"col-xs-12 col-sm-fit label-col\"><h5  class=\"\">Tel\u00e9fono:<\/h5><\/div> <div  data-type=\"column\" class=\"col-xs-12 col-sm\"><p  class=\"\">+569 32442294<\/p><\/div> <\/div><\/div> <div  class=\"col-xs-12 space-bottom-small\"><div  class=\"row\"> <div  data-type=\"column\" class=\"col-xs-12 col-sm-fit label-col\"><h5  class=\"\">Correo:<\/h5><\/div> <div  data-type=\"column\" class=\"col-xs-12 col-sm\"><a href=\"mailto:\" class=\"\" target=\"_self\" data-cp-link=\"1\" rel=\"noopener\">contacto@quiroadvanced.cl<\/a><\/div> <\/div><\/div> <div  class=\"col-xs-12 space-bottom-small\"><div  class=\"row\"> <div  data-type=\"column\" class=\"col-xs-12 col-sm-fit label-col\"><h5  class=\"\">S\u00edguenos:<\/h5><\/div> <div  data-type=\"column\" class=\"col-xs-12 col-sm\"><div  data-type=\"group\" class=\"\"> <a href=\"https:\/\/wa.me\/message\/5OQG7RW6RMBZK1\" target=\"_self\" rel=\"noopener\" class=\"\"><i  class=\"fa icon fa-whatsapp color1\"><\/i><\/a> <a href=\"#\" target=\"_self\" rel=\"noopener\" data-reiki-hidden=\"true\"><i  class=\"fa icon fa-facebook-square color1\"><\/i><\/a> <a href=\"https:\/\/www.instagram.com\/quiroadvanced\" target=\"_self\" rel=\"noopener\" class=\"\"><i  class=\"fa icon fa-instagram color1\"><\/i><\/a> <a href=\"#\" target=\"_self\" data-reiki-hidden=\"true\" rel=\"noopener\"><i  class=\"fa icon fa-rss color1\"><\/i><\/a><\/div> <\/div><\/div> <\/div><\/div> <\/div><\/div> <\/div><\/div>","protected":false},"excerpt":{"rendered":"<p>QuiroAdvanced Centro quiropr\u00e1ctico dedicado a la salud y bienestar del paciente, a trav\u00e9s del cuidado de la columna vertebral.La salud depende mucho del estado en la que se encuentre&nbsp;la columna vertebral, ya que es la encargada de dar sustento y protecci\u00f3n a nuestro cuerpo. En QuiroAdvanced encontrar\u00e1s un espacio para mantenerla en \u00f3ptimo funcionamiento y&hellip; <br \/> <a class=\"read-more\" href=\"https:\/\/quiroadvanced.cl\/\">Read more<\/a><\/p>\n","protected":false},"author":1,"featured_media":0,"parent":0,"menu_order":0,"comment_status":"closed","ping_status":"closed","template":"page-templates\/homepage.php","meta":{"footnotes":""},"class_list":["post-6","page","type-page","status-publish","hentry"],"_links":{"self":[{"href":"https:\/\/quiroadvanced.cl\/index.php\/wp-json\/wp\/v2\/pages\/6","targetHints":{"allow":["GET"]}}],"collection":[{"href":"https:\/\/quiroadvanced.cl\/index.php\/wp-json\/wp\/v2\/pages"}],"about":[{"href":"https:\/\/quiroadvanced.cl\/index.php\/wp-json\/wp\/v2\/types\/page"}],"author":[{"embeddable":true,"href":"https:\/\/quiroadvanced.cl\/index.php\/wp-json\/wp\/v2\/users\/1"}],"replies":[{"embeddable":true,"href":"https:\/\/quiroadvanced.cl\/index.php\/wp-json\/wp\/v2\/comments?post=6"}],"version-history":[{"count":36,"href":"https:\/\/quiroadvanced.cl\/index.php\/wp-json\/wp\/v2\/pages\/6\/revisions"}],"predecessor-version":[{"id":206,"href":"https:\/\/quiroadvanced.cl\/index.php\/wp-json\/wp\/v2\/pages\/6\/revisions\/206"}],"wp:attachment":[{"href":"https:\/\/quiroadvanced.cl\/index.php\/wp-json\/wp\/v2\/media?parent=6"}],"curies":[{"name":"wp","href":"https:\/\/api.w.org\/{rel}","templated":true}]}}